{"id":928,"date":"2021-12-30T20:29:54","date_gmt":"2021-12-30T19:29:54","guid":{"rendered":"https:\/\/setaro.de\/imprint\/"},"modified":"2024-11-13T05:01:18","modified_gmt":"2024-11-13T04:01:18","slug":"imprint","status":"publish","type":"page","link":"https:\/\/setaro.de\/en\/imprint\/","title":{"rendered":"Imprint"},"content":{"rendered":"\n<h2 class=\"wp-block-heading\">Contact Information<\/h2>\n\n<p>setaro GmbH<br\/>Managing Director: Christian H\u00f6hle<br\/>Management consultancy, project management, software development<br\/>M\u00fchlenstra\u00dfe 28<br\/>34474 Diemelstadt<\/p>\n\n<h2 class=\"wp-block-heading\">Contact<\/h2>\n\n<p>Telephone: +49 (0) 56 94 &#8211; 472 9950<br\/>E-mail: info@setaro.de<\/p>\n\n<h2 class=\"wp-block-heading\">Tax ID<\/h2>\n\n<p>Sales tax identification number according to \u00a7 27 a sales tax law:<br\/>DE360793784<\/p>\n\n<blockquote class=\"wp-block-quote is-layout-flow wp-block-quote-is-layout-flow\">\n<h2 class=\"wp-block-heading\">EU Dispute Resolution<\/h2>\n<\/blockquote>\n\n<p>The European Commission provides a platform for online dispute resolution (OS): <a href=\"https:\/\/ec.europa.eu\/consumers\/odr\" target=\"_blank\" rel=\"noreferrer noopener\">https:\/\/ec.europa.eu\/consumers\/odr.<\/a><br\/>You can find our email address in the legal notice above.<\/p>\n\n<h2 class=\"wp-block-heading\">Consumer dispute resolution\/universal arbitration board<\/h2>\n\n<p>We are not willing or obliged to participate in dispute resolution proceedings before a consumer arbitration board.<\/p>\n\n<p>Source: <a href=\"https:\/\/www.e-recht24.de\/impressum-generator.html\">https:\/\/www.e-recht24.de\/impressum-generator.html<\/a><\/p>\n","protected":false},"excerpt":{"rendered":"<p>Contact Information setaro GmbHManaging Director: Christian H\u00f6hleManagement consultancy, project management, software developmentM\u00fchlenstra\u00dfe 2834474 Diemelstadt Contact Telephone: +49 (0) 56 94 &#8211; 472 9950E-mail: info@setaro.de Tax ID Sales tax identification number according to \u00a7 27 a sales tax law:DE360793784 EU Dispute Resolution The European Commission provides a platform for online dispute resolution (OS): https:\/\/ec.europa.eu\/consumers\/odr.You can find [&hellip;]<\/p>\n","protected":false},"author":1,"featured_media":0,"parent":0,"menu_order":0,"comment_status":"closed","ping_status":"closed","template":"","meta":{"_et_pb_use_builder":"","_et_pb_old_content":"","_et_gb_content_width":"","content-type":"","inline_featured_image":false,"footnotes":""},"class_list":["post-928","page","type-page","status-publish","hentry"],"yoast_head":"<!-- This site is optimized with the Yoast SEO plugin v26.7 - https:\/\/yoast.com\/wordpress\/plugins\/seo\/ -->\n<title>Imprint - setaro<\/title>\n<meta name=\"robots\" content=\"index, follow, max-snippet:-1, max-image-preview:large, max-video-preview:-1\" \/>\n<link rel=\"canonical\" href=\"https:\/\/setaro.de\/en\/imprint\/\" \/>\n<meta property=\"og:locale\" content=\"en_US\" \/>\n<meta property=\"og:type\" content=\"article\" \/>\n<meta property=\"og:title\" content=\"Imprint - setaro\" \/>\n<meta property=\"og:description\" content=\"Contact Information setaro GmbHManaging Director: Christian H\u00f6hleManagement consultancy, project management, software developmentM\u00fchlenstra\u00dfe 2834474 Diemelstadt Contact Telephone: +49 (0) 56 94 &#8211; 472 9950E-mail: info@setaro.de Tax ID Sales tax identification number according to \u00a7 27 a sales tax law:DE360793784 EU Dispute Resolution The European Commission provides a platform for online dispute resolution (OS): https:\/\/ec.europa.eu\/consumers\/odr.You can find [&hellip;]\" \/>\n<meta property=\"og:url\" content=\"https:\/\/setaro.de\/en\/imprint\/\" \/>\n<meta property=\"og:site_name\" content=\"setaro\" \/>\n<meta property=\"article:publisher\" content=\"https:\/\/www.facebook.com\/setaro.sbs\" \/>\n<meta property=\"article:modified_time\" content=\"2024-11-13T04:01:18+00:00\" \/>\n<meta name=\"twitter:card\" content=\"summary_large_image\" \/>\n<meta name=\"twitter:site\" content=\"@setaro_st\" \/>\n<script type=\"application\/ld+json\" class=\"yoast-schema-graph\">{\"@context\":\"https:\/\/schema.org\",\"@graph\":[{\"@type\":\"WebPage\",\"@id\":\"https:\/\/setaro.de\/en\/imprint\/\",\"url\":\"https:\/\/setaro.de\/en\/imprint\/\",\"name\":\"Imprint - setaro\",\"isPartOf\":{\"@id\":\"https:\/\/setaro.de\/en\/#website\"},\"datePublished\":\"2021-12-30T19:29:54+00:00\",\"dateModified\":\"2024-11-13T04:01:18+00:00\",\"breadcrumb\":{\"@id\":\"https:\/\/setaro.de\/en\/imprint\/#breadcrumb\"},\"inLanguage\":\"en-US\",\"potentialAction\":[{\"@type\":\"ReadAction\",\"target\":[\"https:\/\/setaro.de\/en\/imprint\/\"]}]},{\"@type\":\"BreadcrumbList\",\"@id\":\"https:\/\/setaro.de\/en\/imprint\/#breadcrumb\",\"itemListElement\":[{\"@type\":\"ListItem\",\"position\":1,\"name\":\"Home\",\"item\":\"https:\/\/setaro.de\/en\/\"},{\"@type\":\"ListItem\",\"position\":2,\"name\":\"Imprint\"}]},{\"@type\":\"WebSite\",\"@id\":\"https:\/\/setaro.de\/en\/#website\",\"url\":\"https:\/\/setaro.de\/en\/\",\"name\":\"setaro GmbH\",\"description\":\"Smart Business Solutions\",\"publisher\":{\"@id\":\"https:\/\/setaro.de\/en\/#organization\"},\"inLanguage\":\"en-US\"},{\"@type\":\"Organization\",\"@id\":\"https:\/\/setaro.de\/en\/#organization\",\"name\":\"setaro GmbH\",\"url\":\"https:\/\/setaro.de\/en\/\",\"logo\":{\"@type\":\"ImageObject\",\"inLanguage\":\"en-US\",\"@id\":\"https:\/\/setaro.de\/en\/#\/schema\/logo\/image\/\",\"url\":\"https:\/\/setaro.de\/wp-content\/uploads\/2022\/02\/cropped-Element-35.png\",\"contentUrl\":\"https:\/\/setaro.de\/wp-content\/uploads\/2022\/02\/cropped-Element-35.png\",\"width\":662,\"height\":504,\"caption\":\"setaro GmbH\"},\"image\":{\"@id\":\"https:\/\/setaro.de\/en\/#\/schema\/logo\/image\/\"},\"sameAs\":[\"https:\/\/www.facebook.com\/setaro.sbs\",\"https:\/\/x.com\/setaro_st\",\"https:\/\/www.linkedin.com\/company\/setaro\",\"https:\/\/www.instagram.com\/setaro_gmbh\/\"]}]}<\/script>\n<!-- \/ Yoast SEO plugin. -->","yoast_head_json":{"title":"Imprint - setaro","robots":{"index":"index","follow":"follow","max-snippet":"max-snippet:-1","max-image-preview":"max-image-preview:large","max-video-preview":"max-video-preview:-1"},"canonical":"https:\/\/setaro.de\/en\/imprint\/","og_locale":"en_US","og_type":"article","og_title":"Imprint - setaro","og_description":"Contact Information setaro GmbHManaging Director: Christian H\u00f6hleManagement consultancy, project management, software developmentM\u00fchlenstra\u00dfe 2834474 Diemelstadt Contact Telephone: +49 (0) 56 94 &#8211; 472 9950E-mail: info@setaro.de Tax ID Sales tax identification number according to \u00a7 27 a sales tax law:DE360793784 EU Dispute Resolution The European Commission provides a platform for online dispute resolution (OS): https:\/\/ec.europa.eu\/consumers\/odr.You can find [&hellip;]","og_url":"https:\/\/setaro.de\/en\/imprint\/","og_site_name":"setaro","article_publisher":"https:\/\/www.facebook.com\/setaro.sbs","article_modified_time":"2024-11-13T04:01:18+00:00","twitter_card":"summary_large_image","twitter_site":"@setaro_st","schema":{"@context":"https:\/\/schema.org","@graph":[{"@type":"WebPage","@id":"https:\/\/setaro.de\/en\/imprint\/","url":"https:\/\/setaro.de\/en\/imprint\/","name":"Imprint - setaro","isPartOf":{"@id":"https:\/\/setaro.de\/en\/#website"},"datePublished":"2021-12-30T19:29:54+00:00","dateModified":"2024-11-13T04:01:18+00:00","breadcrumb":{"@id":"https:\/\/setaro.de\/en\/imprint\/#breadcrumb"},"inLanguage":"en-US","potentialAction":[{"@type":"ReadAction","target":["https:\/\/setaro.de\/en\/imprint\/"]}]},{"@type":"BreadcrumbList","@id":"https:\/\/setaro.de\/en\/imprint\/#breadcrumb","itemListElement":[{"@type":"ListItem","position":1,"name":"Home","item":"https:\/\/setaro.de\/en\/"},{"@type":"ListItem","position":2,"name":"Imprint"}]},{"@type":"WebSite","@id":"https:\/\/setaro.de\/en\/#website","url":"https:\/\/setaro.de\/en\/","name":"setaro GmbH","description":"Smart Business Solutions","publisher":{"@id":"https:\/\/setaro.de\/en\/#organization"},"inLanguage":"en-US"},{"@type":"Organization","@id":"https:\/\/setaro.de\/en\/#organization","name":"setaro GmbH","url":"https:\/\/setaro.de\/en\/","logo":{"@type":"ImageObject","inLanguage":"en-US","@id":"https:\/\/setaro.de\/en\/#\/schema\/logo\/image\/","url":"https:\/\/setaro.de\/wp-content\/uploads\/2022\/02\/cropped-Element-35.png","contentUrl":"https:\/\/setaro.de\/wp-content\/uploads\/2022\/02\/cropped-Element-35.png","width":662,"height":504,"caption":"setaro GmbH"},"image":{"@id":"https:\/\/setaro.de\/en\/#\/schema\/logo\/image\/"},"sameAs":["https:\/\/www.facebook.com\/setaro.sbs","https:\/\/x.com\/setaro_st","https:\/\/www.linkedin.com\/company\/setaro","https:\/\/www.instagram.com\/setaro_gmbh\/"]}]}},"_links":{"self":[{"href":"https:\/\/setaro.de\/en\/wp-json\/wp\/v2\/pages\/928","targetHints":{"allow":["GET"]}}],"collection":[{"href":"https:\/\/setaro.de\/en\/wp-json\/wp\/v2\/pages"}],"about":[{"href":"https:\/\/setaro.de\/en\/wp-json\/wp\/v2\/types\/page"}],"author":[{"embeddable":true,"href":"https:\/\/setaro.de\/en\/wp-json\/wp\/v2\/users\/1"}],"replies":[{"embeddable":true,"href":"https:\/\/setaro.de\/en\/wp-json\/wp\/v2\/comments?post=928"}],"version-history":[{"count":4,"href":"https:\/\/setaro.de\/en\/wp-json\/wp\/v2\/pages\/928\/revisions"}],"predecessor-version":[{"id":2037,"href":"https:\/\/setaro.de\/en\/wp-json\/wp\/v2\/pages\/928\/revisions\/2037"}],"wp:attachment":[{"href":"https:\/\/setaro.de\/en\/wp-json\/wp\/v2\/media?parent=928"}],"curies":[{"name":"wp","href":"https:\/\/api.w.org\/{rel}","templated":true}]}}